{"id":1079,"date":"2023-03-23T13:46:58","date_gmt":"2023-03-23T12:46:58","guid":{"rendered":"https:\/\/insightevents.dk\/isc-cph\/?page_id=1079"},"modified":"2025-11-19T09:45:58","modified_gmt":"2025-11-19T08:45:58","slug":"partner-information","status":"publish","type":"page","link":"https:\/\/insightevents.dk\/isc-cph\/partner-information\/","title":{"rendered":"Become a partner"},"content":{"rendered":"<div class=\"wpb-content-wrapper\"><p>[vc_section css=&#8221;.vc_custom_1674642569084{margin-top: -20px !important;}&#8221;][vc_row css=&#8221;.vc_custom_1644767823527{margin-top: -20px !important;}&#8221;][vc_column][vc_row_inner][vc_column_inner]<div class=\"wpb_content_element \"><style type=\"text\/css\">#ut_header_69e1949ccca9c h2.section-title, #ut_header_69e1949ccca9c h2.section-title span { color:#fd7014; }#ut_header_69e1949ccca9c h2.section-title{ font-family:Poppins;font-weight:300;font-style:normal; }#ut_header_69e1949ccca9c h2.section-title { font-size: 50px; }#ut_header_69e1949ccca9c .lead ins { font-weight:normal; }<\/style><header id=\"ut_header_69e1949ccca9c\" class=\"section-header ut-no-title-linebreak-mobile ut-no-lead-linebreak-mobile pt-style-7 header-left header-tablet-left header-mobile-center\"><h2 data-title=\"Become a part of the ISC-CPH as an official partner\"  class=\"section-title  \"><span>Become a part of the ISC-CPH as an official partner<\/span><\/h2><\/header><\/div>[\/vc_column_inner][\/vc_row_inner][\/vc_column][\/vc_row][vc_row css=&#8221;.vc_custom_1673519603083{margin-top: -10px !important;}&#8221;][vc_column][vc_column_text]The ISC-CPH conference gathers ICS\/SCADA stakeholders across many different types of critical infrastructures from many countries. Do you want to mingle and network with over 300 OT\/IT stakeholders at the Northern Europe&#8217;s biggest event within industrial security? <span class=\"Y2IQFc\" lang=\"en\">There are several advantages to participating as a partner:\u00a0<\/span><\/p>\n<ul>\n<li>Promote yourselves in front of the target group<\/li>\n<li>Give insights and added value to the 300 participants at the conference<\/li>\n<li>Exhibit and demonstrate your products and services<\/li>\n<li>Network and exchange knowledge with the participants<\/li>\n<\/ul>\n<p>Contact Thomas Klindt, Senior Sales Manager \u2013 Sponsors &amp; Exhibition, <a href=\"mailto:tk@insightevents?subject=Industrial%20Security%20Conference%20Copenhagen\">tk@insightevents.dk, <\/a>+45 4195 1431.[\/vc_column_text][\/vc_column][\/vc_row][vc_row content_placement=&#8221;middle&#8221;][vc_column]<style type=\"text\/css\">#bklyn_btn_69e1949ccceb3 .bklyn-btn { color:#ffffff !important; background-color:#000000 !important; }#bklyn_btn_69e1949ccceb3 .bklyn-btn:hover{ background-color:#fd7014 !important; }#bklyn_btn_69e1949ccceb3 .bklyn-btn:focus{ background-color:#fd7014 !important; }#bklyn_btn_69e1949ccceb3 .bklyn-btn:active { background-color:#fd7014 !important; }#bklyn_btn_69e1949ccceb3 a { letter-spacing:0.05em; }<\/style><div id=\"bklyn_btn_69e1949ccceb3\" class=\"bklyn-btn-holder  bklyn-btn-center\"><a title=\"\"   href=\"https:\/\/insightevents.dk\/isc-cph\/partners\/\" target=\"_blank\" class=\"bklyn-btn  bklyn-btn-large\" ><span class=\"ut-btn-text\">See all of our partners<\/span><\/a><\/div>[\/vc_column][\/vc_row][\/vc_section][vc_section el_id=&#8221;network&#8221; el_class=&#8221;allow-overflow&#8221; css=&#8221;.vc_custom_1674664150611{margin-top: 30px !important;margin-bottom: 20px !important;background-color: #f5f3f1 !important;}&#8221;][vc_row][vc_column]<style type=\"text\/css\">#ut_custom_heading69e1949cccf05 { font-size:50px; }#ut_custom_heading69e1949cccf05 { font-weight:300; }#ut_custom_heading69e1949cccf05 { text-align:center; }@media (min-width: 768px) and (max-width: 1024px) { #ut_custom_heading69e1949cccf05 { text-align:center; } }@media (max-width: 767px) { #ut_custom_heading69e1949cccf05 { text-align:center; } }#ut_custom_heading69e1949cccf05 { text-transform:uppercase; }<\/style><h2 id=\"ut_custom_heading69e1949cccf05\" class=\"ut-custom-heading-module   vc_custom_1678459288060\" ><span class=\"\" >Do you want to join ISC Copenhagen?<\/span><\/h2>[vc_row_inner][vc_column_inner width=&#8221;1\/2&#8243;][vc_column_text]<\/p>\n<h3><strong>NETWORKING PACKAGE<\/strong><\/h3>\n<ul>\n<li>Company branding as partner &amp; exhibitior<\/li>\n<li>Delegate passes for internal use<\/li>\n<li>Exhibition space placed in networking area<\/li>\n<li>Branding in pre-event digital marketing, telemarketing, newsletters, social media and the conference event page<\/li>\n<li>Branding in conference program with logo<\/li>\n<\/ul>\n<p>[\/vc_column_text][\/vc_column_inner][vc_column_inner width=&#8221;1\/2&#8243;][vc_column_text]<\/p>\n<h3><strong>ADD ONS<\/strong><\/h3>\n<ul>\n<li>Extra delegate passes for internal use<\/li>\n<li>Dinner passes 14 November including free bar<\/li>\n<li>Extra company branding<\/li>\n<li>Branding as networking reception or dinner host<\/li>\n<li>One page\/flyers or give aways on delegate seats<\/li>\n<li>Newsletter takeover, news package, SoMe package or banners<\/li>\n<\/ul>\n<p>[\/vc_column_text][\/vc_column_inner][\/vc_row_inner][vc_row_inner][vc_column_inner]<style type=\"text\/css\">#bklyn_btn_69e1949cccf2b .bklyn-btn { color:#ffffff !important; background-color:#000000 !important; }#bklyn_btn_69e1949cccf2b .bklyn-btn:hover{ background-color:#fd7014 !important; }#bklyn_btn_69e1949cccf2b .bklyn-btn:focus{ background-color:#fd7014 !important; }#bklyn_btn_69e1949cccf2b .bklyn-btn:active { background-color:#fd7014 !important; }#bklyn_btn_69e1949cccf2b a { letter-spacing:0.05em; }<\/style><div id=\"bklyn_btn_69e1949cccf2b\" class=\"bklyn-btn-holder  bklyn-btn-center\"><a title=\"\"   href=\"mailto:tk@insightevents?subject=Industrial%20Security%20Conference%20Copenhagen\" target=\"_blank\" class=\"bklyn-btn  bklyn-btn-large\" ><span class=\"ut-btn-text\">Join as a partner<\/span><\/a><\/div>[\/vc_column_inner][\/vc_row_inner][vc_empty_space height=&#8221;20px&#8221;][vc_row_inner equal_height=&#8221;yes&#8221; gap=&#8221;30&#8243; hide_on_tablet=&#8221;true&#8221; hide_on_mobile=&#8221;true&#8221; css=&#8221;.vc_custom_1674572850801{margin-top: 40px !important;margin-bottom: -150px !important;}&#8221;][vc_column_inner width=&#8221;1\/4&#8243;]<div  class=\"wpb_content_element   clearfix\"><style type=\"text\/css\">#ut_am_69e1949ccd244 { opacity: 1; }#ut_am_wrap_69e1949ccd245 .ut-image-gallery-item-caption-title h3 { letter-spacing: 0em; }#ut_am_wrap_69e1949ccd245 .ut-gallery-slider-caption { font-weight: bold; }#ut_am_wrap_69e1949ccd245 { text-align: center; }@media (min-width: 768px) and (max-width: 1024px) { #ut_am_wrap_69e1949ccd245 { text-align: center !important; } }@media (max-width: 767px) { #ut_am_wrap_69e1949ccd245 { text-align: center !important; } }<\/style><div id=\"ut_am_wrap_69e1949ccd245\" class=\"ut-image-gallery-image \"><div id=\"ut_reveal_69e1949ccd246\"  data-appear-top-offset=\"auto\" class=\"ut-animated-image-item ut-image-gallery-item ut-animation-done \"><a class=\"ut-deactivated-link\" href=\"#\"><div class=\"ut-animated-image-zoom\"><img loading=\"lazy\" decoding=\"async\" class=\"ut-lazy skip-lazy ut-animated-image\"  id=\"ut_am_69e1949ccd244\" src=\"data:image\/svg+xml;charset=utf-8,%3Csvg xmlns%3D'http%3A%2F%2Fwww.w3.org%2F2000%2Fsvg' viewBox%3D'0 0 1200 1200'%2F%3E\" data-src=\"https:\/\/insightevents.dk\/isc-cph\/wp-content\/uploads\/sites\/4\/2024\/12\/Design-uden-navn-2024-12-04T131038.750.png\" width=\"1200\" height=\"1200\" alt=\"\"\/><\/div><\/a><\/div><\/div><\/div>[\/vc_column_inner][vc_column_inner width=&#8221;1\/4&#8243;]<div  class=\"wpb_content_element   clearfix\"><style type=\"text\/css\">#ut_am_69e1949ccd4e6 { opacity: 1; }#ut_am_wrap_69e1949ccd4e7 .ut-image-gallery-item-caption-title h3 { letter-spacing: 0em; }#ut_am_wrap_69e1949ccd4e7 .ut-gallery-slider-caption { font-weight: bold; }#ut_am_wrap_69e1949ccd4e7 { text-align: center; }@media (min-width: 768px) and (max-width: 1024px) { #ut_am_wrap_69e1949ccd4e7 { text-align: center !important; } }@media (max-width: 767px) { #ut_am_wrap_69e1949ccd4e7 { text-align: center !important; } }<\/style><div id=\"ut_am_wrap_69e1949ccd4e7\" class=\"ut-image-gallery-image \"><div id=\"ut_reveal_69e1949ccd4e8\"  data-appear-top-offset=\"auto\" class=\"ut-animated-image-item ut-image-gallery-item ut-animation-done \"><a class=\"ut-deactivated-link\" href=\"#\"><div class=\"ut-animated-image-zoom\"><img loading=\"lazy\" decoding=\"async\" class=\"ut-lazy skip-lazy ut-animated-image\"  id=\"ut_am_69e1949ccd4e6\" src=\"data:image\/svg+xml;charset=utf-8,%3Csvg xmlns%3D'http%3A%2F%2Fwww.w3.org%2F2000%2Fsvg' viewBox%3D'0 0 1200 1200'%2F%3E\" data-src=\"https:\/\/insightevents.dk\/isc-cph\/wp-content\/uploads\/sites\/4\/2024\/12\/Design-uden-navn-2024-12-04T131308.219.png\" width=\"1200\" height=\"1200\" alt=\"\"\/><\/div><\/a><\/div><\/div><\/div>[\/vc_column_inner][vc_column_inner width=&#8221;1\/4&#8243;]<div  class=\"wpb_content_element   clearfix\"><style type=\"text\/css\">#ut_am_69e1949ccd762 { opacity: 1; }#ut_am_wrap_69e1949ccd763 .ut-image-gallery-item-caption-title h3 { letter-spacing: 0em; }#ut_am_wrap_69e1949ccd763 .ut-gallery-slider-caption { font-weight: bold; }#ut_am_wrap_69e1949ccd763 { text-align: center; }@media (min-width: 768px) and (max-width: 1024px) { #ut_am_wrap_69e1949ccd763 { text-align: center !important; } }@media (max-width: 767px) { #ut_am_wrap_69e1949ccd763 { text-align: center !important; } }<\/style><div id=\"ut_am_wrap_69e1949ccd763\" class=\"ut-image-gallery-image \"><div id=\"ut_reveal_69e1949ccd764\"  data-appear-top-offset=\"auto\" class=\"ut-animated-image-item ut-image-gallery-item ut-animation-done \"><a class=\"ut-deactivated-link\" href=\"#\"><div class=\"ut-animated-image-zoom\"><img loading=\"lazy\" decoding=\"async\" class=\"ut-lazy skip-lazy ut-animated-image\"  id=\"ut_am_69e1949ccd762\" src=\"data:image\/svg+xml;charset=utf-8,%3Csvg xmlns%3D'http%3A%2F%2Fwww.w3.org%2F2000%2Fsvg' viewBox%3D'0 0 1200 800'%2F%3E\" data-src=\"https:\/\/insightevents.dk\/isc-cph\/wp-content\/uploads\/sites\/4\/2024\/12\/Design-uden-navn-2024-12-04T131245.113-e1768393362590.png\" width=\"1200\" height=\"800\" alt=\"\"\/><\/div><\/a><\/div><\/div><\/div>[\/vc_column_inner][vc_column_inner width=&#8221;1\/4&#8243;]<div  class=\"wpb_content_element   clearfix\"><style type=\"text\/css\">#ut_am_69e1949ccda1c { opacity: 1; }#ut_am_wrap_69e1949ccda1d .ut-image-gallery-item-caption-title h3 { letter-spacing: 0em; }#ut_am_wrap_69e1949ccda1d .ut-gallery-slider-caption { font-weight: bold; }#ut_am_wrap_69e1949ccda1d { text-align: center; }@media (min-width: 768px) and (max-width: 1024px) { #ut_am_wrap_69e1949ccda1d { text-align: center !important; } }@media (max-width: 767px) { #ut_am_wrap_69e1949ccda1d { text-align: center !important; } }<\/style><div id=\"ut_am_wrap_69e1949ccda1d\" class=\"ut-image-gallery-image \"><div id=\"ut_reveal_69e1949ccda1e\"  data-appear-top-offset=\"auto\" class=\"ut-animated-image-item ut-image-gallery-item ut-animation-done \"><a class=\"ut-deactivated-link\" href=\"#\"><div class=\"ut-animated-image-zoom\"><img loading=\"lazy\" decoding=\"async\" class=\"ut-lazy skip-lazy ut-animated-image\"  id=\"ut_am_69e1949ccda1c\" src=\"data:image\/svg+xml;charset=utf-8,%3Csvg xmlns%3D'http%3A%2F%2Fwww.w3.org%2F2000%2Fsvg' viewBox%3D'0 0 1200 1200'%2F%3E\" data-src=\"https:\/\/insightevents.dk\/isc-cph\/wp-content\/uploads\/sites\/4\/2024\/12\/Design-uden-navn-2024-12-04T131112.035.png\" width=\"1200\" height=\"1200\" alt=\"\"\/><\/div><\/a><\/div><\/div><\/div>[\/vc_column_inner][\/vc_row_inner][\/vc_column][\/vc_row][\/vc_section][vc_section el_name=&#8221;speakers&#8221; el_id=&#8221;testimonials&#8221;][vc_row css=&#8221;.vc_custom_1686152549044{margin-top: 35px !important;}&#8221;][vc_column]<div class=\"wpb_content_element \"><style type=\"text\/css\">#ut_header_69e1949ccdc2d h2.section-title, #ut_header_69e1949ccdc2d h2.section-title span { color:#fd7014; }#ut_header_69e1949ccdc2d h2.section-title{ font-family:Poppins;font-weight:300;font-style:normal; }#ut_header_69e1949ccdc2d .lead ins { font-weight:normal; }<\/style><header id=\"ut_header_69e1949ccdc2d\" class=\"section-header ut-no-title-linebreak-mobile ut-no-lead-linebreak-mobile pt-style-7 header-left header-tablet-left header-mobile-center\"><h2 data-title=\"Last year's exhibitors said...\"  class=\"section-title  \"><span>Last year's exhibitors said...<\/span><\/h2><\/header><\/div><div id=\"qtSliderOuter69e1949cce068\" class=\"wpb_content_element \"> <style type=\"text\/css\">@media (min-width: 1025px) {#qtSliderOuter69e1949cce068 .owl-carousel {padding-left: 80px;padding-right: 80px;}#qtSliderOuter69e1949cce068 .bkly-testimonials-style2 {padding: 0 80px;} } #qtSliderOuter69e1949cce068 .bklyn-testimonials-quote p { font-size:15; } #qtSliderOuter69e1949cce068 .owl-dots { text-align: center } <\/style><div  class=\"ut-bkly-qt-rotator ut-bklyn-qt-rotator-style-2 \"><div id=\"qtSlider_69e1949cce066\" class=\"owl-carousel\" data-settings=\"{&quot;items&quot;:1,&quot;smartSpeed&quot;:600,&quot;lazyLoad&quot;:true,&quot;autoplay&quot;:true,&quot;autoplayTimeout&quot;:5000,&quot;loop&quot;:true,&quot;nav&quot;:false,&quot;dots&quot;:true}\"><div class=\"ut-bkly-qt-slide\"><div class=\"bkly-testimonials-style2\"><div class=\"bklyn-testimonials-quote\"><p><em>Vi mener, vi har noget at tilbyde til de mennesker, der kommer p\u00e5 konferencen. Der er rigtig mange mennesker og virksomheder her, der har behov for hj\u00e6lp &#8211; b\u00e5de indenfor det tekniske og compliance, og alt muligt andet. Og det er jo et omr\u00e5de, som vi er rigtig dygtige til, s\u00e5 derfor giver det super god mening at vi er med som udstillere. <\/em><br \/>\n<b>Gorm Siiger, Service Unit Lead, Nixu<\/b><\/p>\n<\/div><\/div><\/div><div class=\"ut-bkly-qt-slide\"><div class=\"bkly-testimonials-style2\"><div class=\"bklyn-testimonials-quote\"><p><em>\u201cIt&#8217;s been a really good event. We&#8217;ve had such good conversations. It&#8217;s a brilliant event in the sense that, people actually want to know what you&#8217;re doing, and they want to learn and understand. You know, how they can improve. So, in the comparison to other events, this has been really, really great because people actually want to learn. They want to see, and they want to improve, whereas, Sometimes other events they kind of just come for the freebies and and that&#8217;s kind of it. This is not the case for this event.\u201d<\/em><br \/>\n<b> Nicole Grevin, Sales Development Rep, Forescout.<\/b><\/p>\n<\/div><\/div><\/div><div class=\"ut-bkly-qt-slide\"><div class=\"bkly-testimonials-style2\"><div class=\"bklyn-testimonials-quote\"><p><em>\u201cDet er en konference, som har rent fokus p\u00e5 det, som vi arbejder med &#8211; og det er OT- sikkerhed. Vi har f\u00e5et nogle rigtig gode dialoger med kunder, som st\u00e5r med udfordringer om at sikre deres OT-infrastruktur, og vi har tekniske l\u00f8sninger, men ogs\u00e5 tilgange til at arbejde med OT-sikkerhed, som vi gerne vil bidrage med &#8211; ud fra den erfaring, som vi har opbygget. Jeg synes, at det har v\u00e6ret rigtig fint og sp\u00e6ndende at v\u00e6re med.\u201d<\/em><br \/>\n<b> J\u00f8rgen Hartig, admitterende direkt\u00f8r, SecuriOT<\/b><\/p>\n<\/div><\/div><\/div><div class=\"ut-bkly-qt-slide\"><div class=\"bkly-testimonials-style2\"><div class=\"bklyn-testimonials-quote\"><p><em>\u201cIt&#8217;s been a really good event. We&#8217;ve had such good conversations. It&#8217;s a brilliant event in the sense that, people actually want to know what you&#8217;re doing, and they want to learn and understand. You know, how they can improve. So, in the comparison to other events, this has been really, really great because people actually want to learn. They want to see, and they want to improve, whereas, Sometimes other events they kind of just come for the freebies and and that&#8217;s kind of it. This is not the case for this event.\u201d<\/em><br \/>\n<b> Nicole Grevin, Sales Development Rep, Forescout.<\/b><\/p>\n<\/div><\/div><\/div><div class=\"ut-bkly-qt-slide\"><div class=\"bkly-testimonials-style2\"><div class=\"bklyn-testimonials-quote\"><p><em>\u201cI&#8217;m here to sign my books. This is the European launch of my new book. I&#8217;m here as well to listen to the interresting speakers. There&#8217;s very good people that are teaching me things. I have had some great conversations last night. People here are very knowledgeable and asking the right question and they&#8217;ll give you really good information.\u201d<\/em><br \/>\n<b>Andrew Ginter, VP Industrial Security at Waterfall Security Solutions<\/b><\/p>\n<\/div><\/div><\/div><\/div><a href=\"#\" data-for=\"qtSlider_69e1949cce066\" class=\"ut-prev-gallery-slide\"><i class=\"Bklyn-Core-Left-2\"><\/i><\/a><a href=\"#\" data-for=\"qtSlider_69e1949cce066\" class=\"ut-next-gallery-slide\"><i class=\"Bklyn-Core-Right-2\"><\/i><\/a><\/div><\/div>[vc_empty_space height=&#8221;10px&#8221;][\/vc_column][\/vc_row][\/vc_section][vc_section disable_element=&#8221;yes&#8221;][vc_row][vc_column][vc_column_text css=&#8221;&#8221;]<\/p>\n<h2 id=\"tw-target-text\" class=\"tw-data-text tw-text-large tw-ta\" dir=\"ltr\" data-placeholder=\"Overs\u00e6ttelse\"><span class=\"Y2IQFc\" lang=\"en\">Download material for use in your communication with your network here<\/span><\/h2>\n<p>Download the Program &#8211; <a href=\"https:\/\/insightevents.dk\/isc-cph\/program\/\">Industrial Security Conference 2024<\/a><\/p>\n<p><em><span class=\"Y2IQFc\" lang=\"en\">If you need other formats, you are more than welcome to contact Anne Iversen, <a href=\"mailto:ai@insightevents.dk\">ai@insightevents.dk<\/a><\/span><\/em>[\/vc_column_text]<style type=\"text\/css\">#bklyn_btn_69e1949cce1b8 .bklyn-btn { color:#ffffff !important; background-color:#000000 !important; }#bklyn_btn_69e1949cce1b8 .bklyn-btn:hover{ background-color:#fd7014 !important; }#bklyn_btn_69e1949cce1b8 .bklyn-btn:focus{ background-color:#fd7014 !important; }#bklyn_btn_69e1949cce1b8 .bklyn-btn:active { background-color:#fd7014 !important; }#bklyn_btn_69e1949cce1b8 a { letter-spacing:0.05em; }<\/style><div id=\"bklyn_btn_69e1949cce1b8\" class=\"bklyn-btn-holder  bklyn-btn-center\"><a title=\"\"   href=\"https:\/\/insightevents.dk\/isc-cph\/promote-your-partnership\/\" target=\"_blank\" class=\"bklyn-btn  bklyn-btn-large\" ><span class=\"ut-btn-text\">Partner material<\/span><\/a><\/div>[\/vc_column][\/vc_row][\/vc_section]<\/p>\n<\/div>","protected":false},"excerpt":{"rendered":"<p>[vc_section css=&#8221;.vc_custom_1674642569084{margin-top: -20px !important;}&#8221;][vc_row css=&#8221;.vc_custom_1644767823527{margin-top: -20px !important;}&#8221;][vc_column][vc_row_inner][vc_column_inner][\/vc_column_inner][\/vc_row_inner][\/vc_column][\/vc_row][vc_row css=&#8221;.vc_custom_1673519603083{margin-top: -10px !important;}&#8221;][vc_column][vc_column_text]The ISC-CPH conference gathers ICS\/SCADA stakeholders across many different types of critical infrastructures from many countries. Do you want to mingle and network with over 300 OT\/IT stakeholders at the Northern Europe&#8217;s biggest event within industrial security? There are several advantages to participating as a partner:\u00a0 [&hellip;]<\/p>\n","protected":false},"author":6,"featured_media":0,"parent":0,"menu_order":0,"comment_status":"closed","ping_status":"closed","template":"","meta":{"inline_featured_image":false,"footnotes":""},"yoast_head":"<!-- This site is optimized with the Yoast SEO plugin v22.9 - https:\/\/yoast.com\/wordpress\/plugins\/seo\/ -->\n<title>Become a partner - Industrial Security Conference Copenhagen<\/title>\n<meta name=\"robots\" content=\"index, follow, max-snippet:-1, max-image-preview:large, max-video-preview:-1\" \/>\n<link rel=\"canonical\" href=\"https:\/\/insightevents.dk\/isc-cph\/partner-information\/\" \/>\n<meta property=\"og:locale\" content=\"en_GB\" \/>\n<meta property=\"og:type\" content=\"article\" \/>\n<meta property=\"og:title\" content=\"Become a partner - Industrial Security Conference Copenhagen\" \/>\n<meta property=\"og:description\" content=\"[vc_section css=&#8221;.vc_custom_1674642569084{margin-top: -20px !important;}&#8221;][vc_row css=&#8221;.vc_custom_1644767823527{margin-top: -20px !important;}&#8221;][vc_column][vc_row_inner][vc_column_inner][\/vc_column_inner][\/vc_row_inner][\/vc_column][\/vc_row][vc_row css=&#8221;.vc_custom_1673519603083{margin-top: -10px !important;}&#8221;][vc_column][vc_column_text]The ISC-CPH conference gathers ICS\/SCADA stakeholders across many different types of critical infrastructures from many countries. Do you want to mingle and network with over 300 OT\/IT stakeholders at the Northern Europe&#8217;s biggest event within industrial security? There are several advantages to participating as a partner:\u00a0 [&hellip;]\" \/>\n<meta property=\"og:url\" content=\"https:\/\/insightevents.dk\/isc-cph\/partner-information\/\" \/>\n<meta property=\"og:site_name\" content=\"Industrial Security Conference Copenhagen\" \/>\n<meta property=\"article:modified_time\" content=\"2025-11-19T08:45:58+00:00\" \/>\n<meta name=\"twitter:card\" content=\"summary_large_image\" \/>\n<meta name=\"twitter:label1\" content=\"Estimated reading time\" \/>\n\t<meta name=\"twitter:data1\" content=\"5 minutes\" \/>\n<script type=\"application\/ld+json\" class=\"yoast-schema-graph\">{\"@context\":\"https:\/\/schema.org\",\"@graph\":[{\"@type\":\"WebPage\",\"@id\":\"https:\/\/insightevents.dk\/isc-cph\/partner-information\/\",\"url\":\"https:\/\/insightevents.dk\/isc-cph\/partner-information\/\",\"name\":\"Become a partner - Industrial Security Conference Copenhagen\",\"isPartOf\":{\"@id\":\"https:\/\/insightevents.dk\/isc-cph\/#website\"},\"datePublished\":\"2023-03-23T12:46:58+00:00\",\"dateModified\":\"2025-11-19T08:45:58+00:00\",\"breadcrumb\":{\"@id\":\"https:\/\/insightevents.dk\/isc-cph\/partner-information\/#breadcrumb\"},\"inLanguage\":\"en-GB\",\"potentialAction\":[{\"@type\":\"ReadAction\",\"target\":[\"https:\/\/insightevents.dk\/isc-cph\/partner-information\/\"]}]},{\"@type\":\"BreadcrumbList\",\"@id\":\"https:\/\/insightevents.dk\/isc-cph\/partner-information\/#breadcrumb\",\"itemListElement\":[{\"@type\":\"ListItem\",\"position\":1,\"name\":\"Home\",\"item\":\"https:\/\/insightevents.dk\/isc-cph\/\"},{\"@type\":\"ListItem\",\"position\":2,\"name\":\"Become a partner\"}]},{\"@type\":\"WebSite\",\"@id\":\"https:\/\/insightevents.dk\/isc-cph\/#website\",\"url\":\"https:\/\/insightevents.dk\/isc-cph\/\",\"name\":\"Industrial Security Conference Copenhagen\",\"description\":\"Industrial Security Conference Copenhagen\",\"potentialAction\":[{\"@type\":\"SearchAction\",\"target\":{\"@type\":\"EntryPoint\",\"urlTemplate\":\"https:\/\/insightevents.dk\/isc-cph\/?s={search_term_string}\"},\"query-input\":\"required name=search_term_string\"}],\"inLanguage\":\"en-GB\"}]}<\/script>\n<!-- \/ Yoast SEO plugin. -->","yoast_head_json":{"title":"Become a partner - Industrial Security Conference Copenhagen","robots":{"index":"index","follow":"follow","max-snippet":"max-snippet:-1","max-image-preview":"max-image-preview:large","max-video-preview":"max-video-preview:-1"},"canonical":"https:\/\/insightevents.dk\/isc-cph\/partner-information\/","og_locale":"en_GB","og_type":"article","og_title":"Become a partner - Industrial Security Conference Copenhagen","og_description":"[vc_section css=&#8221;.vc_custom_1674642569084{margin-top: -20px !important;}&#8221;][vc_row css=&#8221;.vc_custom_1644767823527{margin-top: -20px !important;}&#8221;][vc_column][vc_row_inner][vc_column_inner][\/vc_column_inner][\/vc_row_inner][\/vc_column][\/vc_row][vc_row css=&#8221;.vc_custom_1673519603083{margin-top: -10px !important;}&#8221;][vc_column][vc_column_text]The ISC-CPH conference gathers ICS\/SCADA stakeholders across many different types of critical infrastructures from many countries. Do you want to mingle and network with over 300 OT\/IT stakeholders at the Northern Europe&#8217;s biggest event within industrial security? There are several advantages to participating as a partner:\u00a0 [&hellip;]","og_url":"https:\/\/insightevents.dk\/isc-cph\/partner-information\/","og_site_name":"Industrial Security Conference Copenhagen","article_modified_time":"2025-11-19T08:45:58+00:00","twitter_card":"summary_large_image","twitter_misc":{"Estimated reading time":"5 minutes"},"schema":{"@context":"https:\/\/schema.org","@graph":[{"@type":"WebPage","@id":"https:\/\/insightevents.dk\/isc-cph\/partner-information\/","url":"https:\/\/insightevents.dk\/isc-cph\/partner-information\/","name":"Become a partner - Industrial Security Conference Copenhagen","isPartOf":{"@id":"https:\/\/insightevents.dk\/isc-cph\/#website"},"datePublished":"2023-03-23T12:46:58+00:00","dateModified":"2025-11-19T08:45:58+00:00","breadcrumb":{"@id":"https:\/\/insightevents.dk\/isc-cph\/partner-information\/#breadcrumb"},"inLanguage":"en-GB","potentialAction":[{"@type":"ReadAction","target":["https:\/\/insightevents.dk\/isc-cph\/partner-information\/"]}]},{"@type":"BreadcrumbList","@id":"https:\/\/insightevents.dk\/isc-cph\/partner-information\/#breadcrumb","itemListElement":[{"@type":"ListItem","position":1,"name":"Home","item":"https:\/\/insightevents.dk\/isc-cph\/"},{"@type":"ListItem","position":2,"name":"Become a partner"}]},{"@type":"WebSite","@id":"https:\/\/insightevents.dk\/isc-cph\/#website","url":"https:\/\/insightevents.dk\/isc-cph\/","name":"Industrial Security Conference Copenhagen","description":"Industrial Security Conference Copenhagen","potentialAction":[{"@type":"SearchAction","target":{"@type":"EntryPoint","urlTemplate":"https:\/\/insightevents.dk\/isc-cph\/?s={search_term_string}"},"query-input":"required name=search_term_string"}],"inLanguage":"en-GB"}]}},"_links":{"self":[{"href":"https:\/\/insightevents.dk\/isc-cph\/wp-json\/wp\/v2\/pages\/1079"}],"collection":[{"href":"https:\/\/insightevents.dk\/isc-cph\/wp-json\/wp\/v2\/pages"}],"about":[{"href":"https:\/\/insightevents.dk\/isc-cph\/wp-json\/wp\/v2\/types\/page"}],"author":[{"embeddable":true,"href":"https:\/\/insightevents.dk\/isc-cph\/wp-json\/wp\/v2\/users\/6"}],"replies":[{"embeddable":true,"href":"https:\/\/insightevents.dk\/isc-cph\/wp-json\/wp\/v2\/comments?post=1079"}],"version-history":[{"count":0,"href":"https:\/\/insightevents.dk\/isc-cph\/wp-json\/wp\/v2\/pages\/1079\/revisions"}],"wp:attachment":[{"href":"https:\/\/insightevents.dk\/isc-cph\/wp-json\/wp\/v2\/media?parent=1079"}],"curies":[{"name":"wp","href":"https:\/\/api.w.org\/{rel}","templated":true}]}}